{"id":886,"date":"2022-10-31T22:53:17","date_gmt":"2022-10-31T22:53:17","guid":{"rendered":"https:\/\/filstory.fr\/?page_id=886"},"modified":"2022-11-11T22:59:20","modified_gmt":"2022-11-11T22:59:20","slug":"bienvenue","status":"publish","type":"page","link":"https:\/\/filstory.fr\/index.php\/bienvenue\/","title":{"rendered":"Bienvenue !"},"content":{"rendered":"\n<hr class=\"wp-block-separator has-text-color has-alpha-channel-opacity has-background is-style-dots\" style=\"background-color:#ff66c4;color:#ff66c4\"\/>\n\n\n\n<div class=\"wp-block-cover alignwide is-light has-custom-content-position is-position-bottom-right\" style=\"min-height:324px;aspect-ratio:unset;\"><span aria-hidden=\"true\" class=\"wp-block-cover__background has-background-dim-0 has-background-dim\"><\/span><img loading=\"lazy\" decoding=\"async\" width=\"1024\" height=\"683\" class=\"wp-block-cover__image-background wp-image-802\" alt=\"\" src=\"http:\/\/filstory.fr\/wp-content\/uploads\/2022\/10\/img_1496-1024x683.jpg\" style=\"object-position:52% 53%\" data-object-fit=\"cover\" data-object-position=\"52% 53%\" srcset=\"https:\/\/filstory.fr\/wp-content\/uploads\/2022\/10\/img_1496-1024x683.jpg 1024w, https:\/\/filstory.fr\/wp-content\/uploads\/2022\/10\/img_1496-300x200.jpg 300w, https:\/\/filstory.fr\/wp-content\/uploads\/2022\/10\/img_1496-768x512.jpg 768w, https:\/\/filstory.fr\/wp-content\/uploads\/2022\/10\/img_1496-1536x1024.jpg 1536w, https:\/\/filstory.fr\/wp-content\/uploads\/2022\/10\/img_1496-2048x1365.jpg 2048w\" sizes=\"auto, (max-width: 1024px) 100vw, 1024px\" \/><div class=\"wp-block-cover__inner-container is-layout-flow wp-block-cover-is-layout-flow\">\n<p class=\"has-text-color\" style=\"color:#ff66c4\"><strong>Let&rsquo;s hook your story together <\/strong>!<\/p>\n<\/div><\/div>\n\n\n\n<figure class=\"wp-block-image aligncenter size-large is-resized\"><img loading=\"lazy\" decoding=\"async\" src=\"https:\/\/filstory.fr\/wp-content\/uploads\/2022\/10\/logo_3-1-929x1024.png\" alt=\"\" class=\"wp-image-612\" width=\"211\" height=\"233\" srcset=\"https:\/\/filstory.fr\/wp-content\/uploads\/2022\/10\/logo_3-1-929x1024.png 929w, https:\/\/filstory.fr\/wp-content\/uploads\/2022\/10\/logo_3-1-272x300.png 272w, https:\/\/filstory.fr\/wp-content\/uploads\/2022\/10\/logo_3-1-768x847.png 768w, https:\/\/filstory.fr\/wp-content\/uploads\/2022\/10\/logo_3-1-1393x1536.png 1393w, https:\/\/filstory.fr\/wp-content\/uploads\/2022\/10\/logo_3-1-1857x2048.png 1857w\" sizes=\"auto, (max-width: 211px) 100vw, 211px\" \/><\/figure>\n\n\n\n<h2 class=\"has-text-align-center has-text-color wp-block-heading\" style=\"color:#ff66c4\">Qui suis-je ?<\/h2>\n\n\n\n<p class=\"has-text-align-center has-text-color\" style=\"color:#ff66c4;font-size:22px\">Mais qui se cache derri\u00e8re Fil Story&nbsp;?! C\u2019est moi, Emeline, crochet addict&nbsp;! Je vais profiter de cette page pour partager avec vous mes r\u00e9alisations et cr\u00e9ations. Bienvenue&nbsp;!<\/p>\n\n\n\n<p class=\"has-text-align-center has-text-color\" style=\"color:#ff66c4;font-size:22px\">Psst&nbsp;! Merci A\u00e9nora pour ton magnifique logo&nbsp;!<\/p>\n\n\n\n<hr class=\"wp-block-separator has-text-color has-pale-pink-color has-alpha-channel-opacity has-pale-pink-background-color has-background is-style-wide\"\/>\n\n\n\n<div class=\"wp-block-media-text alignwide is-stacked-on-mobile\" style=\"grid-template-columns:40% auto\"><figure class=\"wp-block-media-text__media\"><img loading=\"lazy\" decoding=\"async\" width=\"940\" height=\"788\" src=\"http:\/\/filstory.fr\/wp-content\/uploads\/2022\/10\/21-1.png\" alt=\"\" class=\"wp-image-715 size-full\" srcset=\"https:\/\/filstory.fr\/wp-content\/uploads\/2022\/10\/21-1.png 940w, https:\/\/filstory.fr\/wp-content\/uploads\/2022\/10\/21-1-300x251.png 300w, https:\/\/filstory.fr\/wp-content\/uploads\/2022\/10\/21-1-768x644.png 768w\" sizes=\"auto, (max-width: 940px) 100vw, 940px\" \/><\/figure><div class=\"wp-block-media-text__content\">\n<h3 class=\"has-text-align-center has-text-color wp-block-heading\" style=\"color:#ed1e79;font-size:37px;line-height:1.2\">Des projets plein la t\u00eate !<\/h3>\n\n\n\n<p class=\"has-text-align-center has-text-color\" style=\"color:#ed1e79;font-size:22px;line-height:1.5\">Que ce soit pour une naissance, pour s&rsquo;amuser ou simplement pour d\u00e9corer, nous avons tous une id\u00e9e !<\/p>\n\n\n\n<p class=\"has-text-align-center has-text-color\" style=\"color:#ed1e79;font-size:22px\">Je suis toujours \u00e0 la recherche d\u2019inspiration et de nouveaux d\u00e9fis donc si vous avez des demandes pr\u00e9cises, n\u2019h\u00e9sitez pas \u00e0 me contacter et nous verrons ensemble si je peux cr\u00e9er votre id\u00e9e&nbsp;!<\/p>\n<\/div><\/div>\n\n\n\n<hr class=\"wp-block-separator has-text-color has-pale-pink-color has-alpha-channel-opacity has-pale-pink-background-color has-background is-style-default\"\/>\n\n\n\n<div class=\"wp-block-media-text alignwide has-media-on-the-right is-stacked-on-mobile\" style=\"grid-template-columns:auto 28%\"><figure class=\"wp-block-media-text__media\"><img loading=\"lazy\" decoding=\"async\" width=\"1024\" height=\"1024\" src=\"https:\/\/filstory.fr\/wp-content\/uploads\/2022\/11\/244-1024x1024.png\" alt=\"\" class=\"wp-image-946 size-large\" srcset=\"https:\/\/filstory.fr\/wp-content\/uploads\/2022\/11\/244-1024x1024.png 1024w, https:\/\/filstory.fr\/wp-content\/uploads\/2022\/11\/244-300x300.png 300w, https:\/\/filstory.fr\/wp-content\/uploads\/2022\/11\/244-150x150.png 150w, https:\/\/filstory.fr\/wp-content\/uploads\/2022\/11\/244-768x768.png 768w, https:\/\/filstory.fr\/wp-content\/uploads\/2022\/11\/244.png 1080w\" sizes=\"auto, (max-width: 1024px) 100vw, 1024px\" \/><\/figure><div class=\"wp-block-media-text__content\">\n<h2 class=\"has-text-align-center has-text-color wp-block-heading\" style=\"color:#ff66c4;font-size:37px\">Des cr\u00e9ations !<\/h2>\n\n\n\n<p class=\"has-text-align-center has-text-color\" style=\"color:#ff66c4;font-size:22px\">Des f\u00eates de No\u00ebl, \u00e0 Halloween en passant par P\u00e2ques la liste est <em>presque<\/em> sans fin ! et il y a m\u00eame des intrus !<\/p>\n\n\n\n<p class=\"has-text-align-center has-text-color\" style=\"color:#ff66c4;font-size:22px\">Chaque cr\u00e9ation est unique et donne vie \u00e0 une envie !<\/p>\n<\/div><\/div>\n\n\n\n<hr class=\"wp-block-separator has-text-color has-pale-pink-color has-alpha-channel-opacity has-pale-pink-background-color has-background\"\/>\n\n\n\n<div class=\"wp-block-buttons alignwide is-layout-flex wp-block-buttons-is-layout-flex\">\n<div class=\"wp-block-button aligncenter\"><a class=\"wp-block-button__link has-pale-pink-background-color has-background\" href=\"https:\/\/filstory.fr\/index.php\/mes-projets\/\">Venez les d\u00e9couvrir !<\/a><\/div>\n<\/div>\n","protected":false},"excerpt":{"rendered":"<p>Qui suis-je ? Mais qui se cache derri\u00e8re Fil Story&nbsp;?! C\u2019est moi, Emeline, crochet addict&nbsp;! Je vais profiter de cette page pour partager avec vous mes r\u00e9alisations et cr\u00e9ations. Bienvenue&nbsp;! Psst&nbsp;! Merci A\u00e9nora pour ton magnifique logo&nbsp;! Des projets plein la t\u00eate ! Que ce soit pour une naissance, pour s&rsquo;amuser ou simplement pour d\u00e9corer, [&hellip;]<\/p>\n","protected":false},"author":1,"featured_media":0,"parent":0,"menu_order":0,"comment_status":"closed","ping_status":"closed","template":"","meta":{"om_disable_all_campaigns":false,"_monsterinsights_skip_tracking":false,"_monsterinsights_sitenote_active":false,"_monsterinsights_sitenote_note":"","_monsterinsights_sitenote_category":0,"footnotes":""},"class_list":["post-886","page","type-page","status-publish","hentry"],"aioseo_notices":[],"_links":{"self":[{"href":"https:\/\/filstory.fr\/index.php\/wp-json\/wp\/v2\/pages\/886","targetHints":{"allow":["GET"]}}],"collection":[{"href":"https:\/\/filstory.fr\/index.php\/wp-json\/wp\/v2\/pages"}],"about":[{"href":"https:\/\/filstory.fr\/index.php\/wp-json\/wp\/v2\/types\/page"}],"author":[{"embeddable":true,"href":"https:\/\/filstory.fr\/index.php\/wp-json\/wp\/v2\/users\/1"}],"replies":[{"embeddable":true,"href":"https:\/\/filstory.fr\/index.php\/wp-json\/wp\/v2\/comments?post=886"}],"version-history":[{"count":15,"href":"https:\/\/filstory.fr\/index.php\/wp-json\/wp\/v2\/pages\/886\/revisions"}],"predecessor-version":[{"id":995,"href":"https:\/\/filstory.fr\/index.php\/wp-json\/wp\/v2\/pages\/886\/revisions\/995"}],"wp:attachment":[{"href":"https:\/\/filstory.fr\/index.php\/wp-json\/wp\/v2\/media?parent=886"}],"curies":[{"name":"wp","href":"https:\/\/api.w.org\/{rel}","templated":true}]}}