{"id":43,"date":"2020-11-01T19:48:46","date_gmt":"2020-11-01T18:48:46","guid":{"rendered":"https:\/\/filstory.wordpress.com\/?page_id=43"},"modified":"2022-11-11T23:28:26","modified_gmt":"2022-11-11T23:28:26","slug":"portefeuille","status":"publish","type":"page","link":"https:\/\/filstory.fr\/index.php\/portefeuille\/","title":{"rendered":"Un No\u00ebl avec plein d&rsquo;amis !"},"content":{"rendered":"\n<p class=\"has-text-align-center has-text-color\" style=\"color:#ed1e79;font-size:22px\">Parce que ce n&rsquo;est pas tous les jours No\u00ebl, profitons en pour le f\u00eater tous ensemble !<\/p>\n\n\n\n<figure class=\"wp-block-image size-large\"><img loading=\"lazy\" decoding=\"async\" width=\"1024\" height=\"1024\" src=\"https:\/\/filstory.fr\/wp-content\/uploads\/2022\/11\/Insta-a-publier-1024x1024.png\" alt=\"\" class=\"wp-image-935\" srcset=\"https:\/\/filstory.fr\/wp-content\/uploads\/2022\/11\/Insta-a-publier-1024x1024.png 1024w, https:\/\/filstory.fr\/wp-content\/uploads\/2022\/11\/Insta-a-publier-300x300.png 300w, https:\/\/filstory.fr\/wp-content\/uploads\/2022\/11\/Insta-a-publier-150x150.png 150w, https:\/\/filstory.fr\/wp-content\/uploads\/2022\/11\/Insta-a-publier-768x768.png 768w, https:\/\/filstory.fr\/wp-content\/uploads\/2022\/11\/Insta-a-publier.png 1080w\" sizes=\"auto, (max-width: 1024px) 100vw, 1024px\" \/><\/figure>\n\n\n\n<p class=\"has-text-align-center has-text-color\" style=\"color:#ed1e79;font-size:22px\">D\u00e9couvrons ensemble les derni\u00e8res cr\u00e9ations !<\/p>\n\n\n\n<hr class=\"wp-block-separator has-text-color has-alpha-channel-opacity has-background is-style-wide\" style=\"background-color:#ff66c4;color:#ff66c4\"\/>\n\n\n\n<figure class=\"wp-block-gallery alignwide has-nested-images columns-3 is-cropped wp-block-gallery-1 is-layout-flex wp-block-gallery-is-layout-flex\">\n<figure class=\"wp-block-image size-large\"><img decoding=\"async\" data-id=\"51\" src=\"https:\/\/filstory.files.wordpress.com\/2020\/11\/img_2765.jpg?w=580\" alt=\"\" class=\"wp-image-51\"\/><\/figure>\n\n\n\n<figure class=\"wp-block-image size-large\"><img decoding=\"async\" data-id=\"541\" src=\"https:\/\/filstory.files.wordpress.com\/2020\/11\/7-5.png?w=580\" alt=\"\" class=\"wp-image-541\"\/><\/figure>\n\n\n\n<figure class=\"wp-block-image size-large\"><img decoding=\"async\" data-id=\"531\" src=\"https:\/\/filstory.files.wordpress.com\/2020\/11\/25-1.png?w=580\" alt=\"\" class=\"wp-image-531\"\/><\/figure>\n\n\n\n<figure class=\"wp-block-image size-large\"><img decoding=\"async\" data-id=\"525\" src=\"https:\/\/filstory.files.wordpress.com\/2020\/11\/19-3.png?w=580\" alt=\"\" class=\"wp-image-525\"\/><\/figure>\n\n\n\n<figure class=\"wp-block-image size-large\"><img decoding=\"async\" data-id=\"513\" src=\"https:\/\/filstory.files.wordpress.com\/2020\/11\/44-2.png?w=580\" alt=\"\" class=\"wp-image-513\"\/><\/figure>\n\n\n\n<figure class=\"wp-block-image size-large\"><img decoding=\"async\" data-id=\"511\" src=\"https:\/\/filstory.files.wordpress.com\/2020\/11\/43-1.png?w=580\" alt=\"\" class=\"wp-image-511\"\/><\/figure>\n\n\n\n<figure class=\"wp-block-image size-large\"><img decoding=\"async\" data-id=\"524\" src=\"https:\/\/filstory.files.wordpress.com\/2020\/11\/18-3.png?w=580\" alt=\"\" class=\"wp-image-524\"\/><\/figure>\n\n\n\n<figure class=\"wp-block-image size-large\"><img decoding=\"async\" data-id=\"517\" src=\"https:\/\/filstory.files.wordpress.com\/2020\/11\/12-3.png?w=580\" alt=\"\" class=\"wp-image-517\"\/><\/figure>\n\n\n\n<figure class=\"wp-block-image size-large\"><img decoding=\"async\" data-id=\"486\" src=\"https:\/\/filstory.files.wordpress.com\/2020\/11\/53.png?w=580\" alt=\"\" class=\"wp-image-486\"\/><\/figure>\n\n\n\n<figure class=\"wp-block-image size-large\"><img decoding=\"async\" data-id=\"485\" src=\"https:\/\/filstory.files.wordpress.com\/2020\/11\/52.png?w=580\" alt=\"\" class=\"wp-image-485\"\/><\/figure>\n\n\n\n<figure class=\"wp-block-image size-large\"><img decoding=\"async\" data-id=\"480\" src=\"https:\/\/filstory.files.wordpress.com\/2020\/11\/48-1.png?w=580\" alt=\"\" class=\"wp-image-480\"\/><\/figure>\n\n\n\n<figure class=\"wp-block-image size-large\"><img decoding=\"async\" data-id=\"476\" src=\"https:\/\/filstory.files.wordpress.com\/2020\/11\/8-4.png?w=580\" alt=\"\" class=\"wp-image-476\"\/><\/figure>\n\n\n\n<figure class=\"wp-block-image size-large\"><img decoding=\"async\" data-id=\"473\" src=\"https:\/\/filstory.files.wordpress.com\/2020\/11\/6-4.png?w=580\" alt=\"\" class=\"wp-image-473\"\/><\/figure>\n\n\n\n<figure class=\"wp-block-image size-large\"><img decoding=\"async\" data-id=\"454\" src=\"https:\/\/filstory.files.wordpress.com\/2020\/11\/8-3.png?w=580\" alt=\"\" class=\"wp-image-454\"\/><\/figure>\n\n\n\n<figure class=\"wp-block-image size-large\"><img decoding=\"async\" data-id=\"462\" src=\"https:\/\/filstory.files.wordpress.com\/2020\/11\/16-2.png?w=580\" alt=\"\" class=\"wp-image-462\"\/><\/figure>\n\n\n\n<figure class=\"wp-block-image size-large\"><img decoding=\"async\" data-id=\"442\" src=\"https:\/\/filstory.files.wordpress.com\/2020\/11\/45.png?w=580\" alt=\"\" class=\"wp-image-442\"\/><\/figure>\n\n\n\n<figure class=\"wp-block-image size-large\"><img decoding=\"async\" data-id=\"441\" src=\"https:\/\/filstory.files.wordpress.com\/2020\/11\/44-1.png?w=580\" alt=\"\" class=\"wp-image-441\"\/><\/figure>\n\n\n\n<figure class=\"wp-block-image size-large\"><img decoding=\"async\" data-id=\"439\" src=\"https:\/\/filstory.files.wordpress.com\/2020\/11\/43.png?w=580\" alt=\"\" class=\"wp-image-439\"\/><\/figure>\n\n\n\n<figure class=\"wp-block-image size-large\"><img decoding=\"async\" data-id=\"427\" src=\"https:\/\/filstory.files.wordpress.com\/2020\/11\/33.png?w=580\" alt=\"\" class=\"wp-image-427\"\/><\/figure>\n\n\n\n<figure class=\"wp-block-image size-large\"><img decoding=\"async\" data-id=\"388\" src=\"https:\/\/filstory.files.wordpress.com\/2020\/11\/12.png?w=580\" alt=\"\" class=\"wp-image-388\"\/><\/figure>\n\n\n\n<figure class=\"wp-block-image size-large\"><img decoding=\"async\" data-id=\"403\" src=\"https:\/\/filstory.files.wordpress.com\/2020\/11\/18.png?w=580\" alt=\"\" class=\"wp-image-403\"\/><\/figure>\n\n\n\n<figure class=\"wp-block-image size-large\"><img decoding=\"async\" data-id=\"395\" src=\"https:\/\/filstory.files.wordpress.com\/2020\/11\/6-2.png?w=580\" alt=\"\" class=\"wp-image-395\"\/><\/figure>\n\n\n\n<figure class=\"wp-block-image size-large\"><img decoding=\"async\" data-id=\"406\" src=\"https:\/\/filstory.files.wordpress.com\/2020\/11\/8-2.png?w=580\" alt=\"\" class=\"wp-image-406\"\/><\/figure>\n\n\n\n<figure class=\"wp-block-image size-large\"><img loading=\"lazy\" decoding=\"async\" width=\"1024\" height=\"1024\" data-id=\"1008\" src=\"https:\/\/filstory.fr\/wp-content\/uploads\/2022\/11\/20211017_183007-1024x1024.jpg\" alt=\"\" class=\"wp-image-1008\" srcset=\"https:\/\/filstory.fr\/wp-content\/uploads\/2022\/11\/20211017_183007-1024x1024.jpg 1024w, https:\/\/filstory.fr\/wp-content\/uploads\/2022\/11\/20211017_183007-300x300.jpg 300w, https:\/\/filstory.fr\/wp-content\/uploads\/2022\/11\/20211017_183007-150x150.jpg 150w, https:\/\/filstory.fr\/wp-content\/uploads\/2022\/11\/20211017_183007-768x768.jpg 768w, https:\/\/filstory.fr\/wp-content\/uploads\/2022\/11\/20211017_183007-1536x1536.jpg 1536w, https:\/\/filstory.fr\/wp-content\/uploads\/2022\/11\/20211017_183007-2048x2048.jpg 2048w\" sizes=\"auto, (max-width: 1024px) 100vw, 1024px\" \/><\/figure>\n\n\n\n<figure class=\"wp-block-image size-large\"><img loading=\"lazy\" decoding=\"async\" width=\"1024\" height=\"1024\" data-id=\"1009\" src=\"https:\/\/filstory.fr\/wp-content\/uploads\/2022\/11\/20220505_210008-1024x1024.jpg\" alt=\"\" class=\"wp-image-1009\" srcset=\"https:\/\/filstory.fr\/wp-content\/uploads\/2022\/11\/20220505_210008-1024x1024.jpg 1024w, https:\/\/filstory.fr\/wp-content\/uploads\/2022\/11\/20220505_210008-300x300.jpg 300w, https:\/\/filstory.fr\/wp-content\/uploads\/2022\/11\/20220505_210008-150x150.jpg 150w, https:\/\/filstory.fr\/wp-content\/uploads\/2022\/11\/20220505_210008-768x768.jpg 768w, https:\/\/filstory.fr\/wp-content\/uploads\/2022\/11\/20220505_210008-1536x1536.jpg 1536w, https:\/\/filstory.fr\/wp-content\/uploads\/2022\/11\/20220505_210008-2048x2048.jpg 2048w\" sizes=\"auto, (max-width: 1024px) 100vw, 1024px\" \/><\/figure>\n<\/figure>\n\n\n\n<p class=\"has-text-align-center has-text-color\" style=\"color:#ed1e79;font-size:22px\">Que serait No\u00ebl sans les bonhommes de neige et le P\u00e8re No\u00ebl ?? Un No\u00ebl bien triste&#8230;<\/p>\n\n\n\n<p class=\"has-text-align-center has-text-color\" style=\"color:#ed1e79;font-size:22px\">Alors on attrape nos pelotes et nos crochets et on leur donne vie !<\/p>\n\n\n\n<hr class=\"wp-block-separator has-css-opacity is-style-wide\"\/>\n\n\n\n<div style=\"height:32px\" aria-hidden=\"true\" class=\"wp-block-spacer desktop-only\"><\/div>\n\n\n\n<h2 class=\"has-text-align-center wp-block-heading\">Cr\u00e9ons quelque-chose ensemble.<\/h2>\n\n\n\n<div class=\"wp-block-button aligncenter\"><a class=\"wp-block-button__link has-text-color has-background\" href=\"https:\/\/filstory.fr\/contact\/\" style=\"background-color:#ed1e79;color:#ffcfe6\">Contactez-moi !<\/a><\/div>\n\n\n\n<div style=\"height:32px\" aria-hidden=\"true\" class=\"wp-block-spacer desktop-only\"><\/div>\n\n\n\n<hr class=\"wp-block-separator has-css-opacity is-style-wide\"\/>\n\n\n\n<p><\/p>\n","protected":false},"excerpt":{"rendered":"<p>Parce que ce n&rsquo;est pas tous les jours No\u00ebl, profitons en pour le f\u00eater tous ensemble ! D\u00e9couvrons ensemble les derni\u00e8res cr\u00e9ations ! Que serait No\u00ebl sans les bonhommes de neige et le P\u00e8re No\u00ebl ?? Un No\u00ebl bien triste&#8230; Alors on attrape nos pelotes et nos crochets et on leur donne vie ! Cr\u00e9ons [&hellip;]<\/p>\n","protected":false},"author":1,"featured_media":0,"parent":0,"menu_order":0,"comment_status":"closed","ping_status":"closed","template":"","meta":{"om_disable_all_campaigns":false,"_monsterinsights_skip_tracking":false,"_monsterinsights_sitenote_active":false,"_monsterinsights_sitenote_note":"","_monsterinsights_sitenote_category":0,"footnotes":""},"class_list":["post-43","page","type-page","status-publish","hentry"],"aioseo_notices":[],"_links":{"self":[{"href":"https:\/\/filstory.fr\/index.php\/wp-json\/wp\/v2\/pages\/43","targetHints":{"allow":["GET"]}}],"collection":[{"href":"https:\/\/filstory.fr\/index.php\/wp-json\/wp\/v2\/pages"}],"about":[{"href":"https:\/\/filstory.fr\/index.php\/wp-json\/wp\/v2\/types\/page"}],"author":[{"embeddable":true,"href":"https:\/\/filstory.fr\/index.php\/wp-json\/wp\/v2\/users\/1"}],"replies":[{"embeddable":true,"href":"https:\/\/filstory.fr\/index.php\/wp-json\/wp\/v2\/comments?post=43"}],"version-history":[{"count":7,"href":"https:\/\/filstory.fr\/index.php\/wp-json\/wp\/v2\/pages\/43\/revisions"}],"predecessor-version":[{"id":1019,"href":"https:\/\/filstory.fr\/index.php\/wp-json\/wp\/v2\/pages\/43\/revisions\/1019"}],"wp:attachment":[{"href":"https:\/\/filstory.fr\/index.php\/wp-json\/wp\/v2\/media?parent=43"}],"curies":[{"name":"wp","href":"https:\/\/api.w.org\/{rel}","templated":true}]}}