{"id":292,"date":"2020-11-02T16:20:21","date_gmt":"2020-11-02T15:20:21","guid":{"rendered":"https:\/\/filstory.wordpress.com\/?page_id=292"},"modified":"2022-11-11T23:14:50","modified_gmt":"2022-11-11T23:14:50","slug":"creations-couture","status":"publish","type":"page","link":"https:\/\/filstory.fr\/index.php\/creations-couture\/","title":{"rendered":"Cr\u00e9ations Lumis"},"content":{"rendered":"\n<p class=\"has-text-align-center has-text-color\" style=\"color:#ff66c4;font-size:22px\">Valerie Filuncrochet m&rsquo;a partag\u00e9 sa folie des Lumis ! Plein d&rsquo;autres arrivent bient\u00f4t !<\/p>\n\n\n\n<figure class=\"wp-block-gallery alignwide has-nested-images columns-3 is-cropped wp-block-gallery-1 is-layout-flex wp-block-gallery-is-layout-flex\">\n<figure class=\"wp-block-image size-large\"><img loading=\"lazy\" decoding=\"async\" width=\"1024\" height=\"1024\" data-id=\"970\" src=\"https:\/\/filstory.fr\/wp-content\/uploads\/2022\/11\/20220507_183223-1024x1024.jpg\" alt=\"\" class=\"wp-image-970\" srcset=\"https:\/\/filstory.fr\/wp-content\/uploads\/2022\/11\/20220507_183223-1024x1024.jpg 1024w, https:\/\/filstory.fr\/wp-content\/uploads\/2022\/11\/20220507_183223-300x300.jpg 300w, https:\/\/filstory.fr\/wp-content\/uploads\/2022\/11\/20220507_183223-150x150.jpg 150w, https:\/\/filstory.fr\/wp-content\/uploads\/2022\/11\/20220507_183223-768x768.jpg 768w, https:\/\/filstory.fr\/wp-content\/uploads\/2022\/11\/20220507_183223-1536x1536.jpg 1536w, https:\/\/filstory.fr\/wp-content\/uploads\/2022\/11\/20220507_183223-2048x2048.jpg 2048w\" sizes=\"auto, (max-width: 1024px) 100vw, 1024px\" \/><\/figure>\n\n\n\n<figure class=\"wp-block-image size-large\"><img loading=\"lazy\" decoding=\"async\" width=\"768\" height=\"1024\" data-id=\"971\" src=\"https:\/\/filstory.fr\/wp-content\/uploads\/2022\/11\/20220729_132349-768x1024.jpg\" alt=\"\" class=\"wp-image-971\" srcset=\"https:\/\/filstory.fr\/wp-content\/uploads\/2022\/11\/20220729_132349-768x1024.jpg 768w, https:\/\/filstory.fr\/wp-content\/uploads\/2022\/11\/20220729_132349-225x300.jpg 225w, https:\/\/filstory.fr\/wp-content\/uploads\/2022\/11\/20220729_132349-1152x1536.jpg 1152w, https:\/\/filstory.fr\/wp-content\/uploads\/2022\/11\/20220729_132349-1536x2048.jpg 1536w, https:\/\/filstory.fr\/wp-content\/uploads\/2022\/11\/20220729_132349-scaled.jpg 1920w\" sizes=\"auto, (max-width: 768px) 100vw, 768px\" \/><\/figure>\n\n\n\n<figure class=\"wp-block-image size-large\"><img loading=\"lazy\" decoding=\"async\" width=\"1024\" height=\"1024\" data-id=\"1005\" src=\"https:\/\/filstory.fr\/wp-content\/uploads\/2022\/11\/20220507_184207-1024x1024.jpg\" alt=\"\" class=\"wp-image-1005\" srcset=\"https:\/\/filstory.fr\/wp-content\/uploads\/2022\/11\/20220507_184207-1024x1024.jpg 1024w, https:\/\/filstory.fr\/wp-content\/uploads\/2022\/11\/20220507_184207-300x300.jpg 300w, https:\/\/filstory.fr\/wp-content\/uploads\/2022\/11\/20220507_184207-150x150.jpg 150w, https:\/\/filstory.fr\/wp-content\/uploads\/2022\/11\/20220507_184207-768x768.jpg 768w, https:\/\/filstory.fr\/wp-content\/uploads\/2022\/11\/20220507_184207-1536x1536.jpg 1536w, https:\/\/filstory.fr\/wp-content\/uploads\/2022\/11\/20220507_184207-2048x2048.jpg 2048w\" sizes=\"auto, (max-width: 1024px) 100vw, 1024px\" \/><\/figure>\n\n\n\n<figure class=\"wp-block-image size-large\"><img loading=\"lazy\" decoding=\"async\" width=\"1024\" height=\"1024\" data-id=\"972\" src=\"https:\/\/filstory.fr\/wp-content\/uploads\/2022\/11\/20220922_205934-1024x1024.jpg\" alt=\"\" class=\"wp-image-972\" srcset=\"https:\/\/filstory.fr\/wp-content\/uploads\/2022\/11\/20220922_205934-1024x1024.jpg 1024w, https:\/\/filstory.fr\/wp-content\/uploads\/2022\/11\/20220922_205934-300x300.jpg 300w, https:\/\/filstory.fr\/wp-content\/uploads\/2022\/11\/20220922_205934-150x150.jpg 150w, https:\/\/filstory.fr\/wp-content\/uploads\/2022\/11\/20220922_205934-768x768.jpg 768w, https:\/\/filstory.fr\/wp-content\/uploads\/2022\/11\/20220922_205934-1536x1536.jpg 1536w, https:\/\/filstory.fr\/wp-content\/uploads\/2022\/11\/20220922_205934-2048x2048.jpg 2048w\" sizes=\"auto, (max-width: 1024px) 100vw, 1024px\" \/><\/figure>\n\n\n\n<figure class=\"wp-block-image size-large\"><img loading=\"lazy\" decoding=\"async\" width=\"1024\" height=\"1024\" data-id=\"969\" src=\"https:\/\/filstory.fr\/wp-content\/uploads\/2022\/11\/20220428_140719-1024x1024.jpg\" alt=\"\" class=\"wp-image-969\" srcset=\"https:\/\/filstory.fr\/wp-content\/uploads\/2022\/11\/20220428_140719-1024x1024.jpg 1024w, https:\/\/filstory.fr\/wp-content\/uploads\/2022\/11\/20220428_140719-300x300.jpg 300w, https:\/\/filstory.fr\/wp-content\/uploads\/2022\/11\/20220428_140719-150x150.jpg 150w, https:\/\/filstory.fr\/wp-content\/uploads\/2022\/11\/20220428_140719-768x768.jpg 768w, https:\/\/filstory.fr\/wp-content\/uploads\/2022\/11\/20220428_140719-1536x1536.jpg 1536w, https:\/\/filstory.fr\/wp-content\/uploads\/2022\/11\/20220428_140719-2048x2048.jpg 2048w\" sizes=\"auto, (max-width: 1024px) 100vw, 1024px\" \/><\/figure>\n\n\n\n<figure class=\"wp-block-image size-large\"><img loading=\"lazy\" decoding=\"async\" width=\"1024\" height=\"1024\" data-id=\"980\" src=\"https:\/\/filstory.fr\/wp-content\/uploads\/2022\/11\/20220507_181726-1024x1024.jpg\" alt=\"\" class=\"wp-image-980\" srcset=\"https:\/\/filstory.fr\/wp-content\/uploads\/2022\/11\/20220507_181726-1024x1024.jpg 1024w, https:\/\/filstory.fr\/wp-content\/uploads\/2022\/11\/20220507_181726-300x300.jpg 300w, https:\/\/filstory.fr\/wp-content\/uploads\/2022\/11\/20220507_181726-150x150.jpg 150w, https:\/\/filstory.fr\/wp-content\/uploads\/2022\/11\/20220507_181726-768x768.jpg 768w, https:\/\/filstory.fr\/wp-content\/uploads\/2022\/11\/20220507_181726-1536x1536.jpg 1536w, https:\/\/filstory.fr\/wp-content\/uploads\/2022\/11\/20220507_181726-2048x2048.jpg 2048w\" sizes=\"auto, (max-width: 1024px) 100vw, 1024px\" \/><\/figure>\n<\/figure>\n\n\n\n<hr class=\"wp-block-separator has-css-opacity is-style-wide\"\/>\n\n\n\n<div style=\"height:32px\" aria-hidden=\"true\" class=\"wp-block-spacer desktop-only\"><\/div>\n\n\n\n<h2 class=\"has-text-align-center wp-block-heading\">Cr\u00e9ons quelque-chose ensemble.<\/h2>\n\n\n\n<div class=\"wp-block-button aligncenter\"><a class=\"wp-block-button__link has-text-color has-background\" href=\"https:\/\/filstory.fr\/contact\/\" style=\"background-color:#ed1e79;color:#ffcfe6\">Contactez-moi !<\/a><\/div>\n\n\n\n<div style=\"height:32px\" aria-hidden=\"true\" class=\"wp-block-spacer desktop-only\"><\/div>\n\n\n\n<hr class=\"wp-block-separator has-css-opacity is-style-wide\"\/>\n\n\n\n<p><\/p>\n","protected":false},"excerpt":{"rendered":"<p>Valerie Filuncrochet m&rsquo;a partag\u00e9 sa folie des Lumis ! Plein d&rsquo;autres arrivent bient\u00f4t ! Cr\u00e9ons quelque-chose ensemble.<\/p>\n","protected":false},"author":1,"featured_media":0,"parent":0,"menu_order":0,"comment_status":"closed","ping_status":"closed","template":"","meta":{"om_disable_all_campaigns":false,"_monsterinsights_skip_tracking":false,"_monsterinsights_sitenote_active":false,"_monsterinsights_sitenote_note":"","_monsterinsights_sitenote_category":0,"footnotes":""},"class_list":["post-292","page","type-page","status-publish","hentry"],"aioseo_notices":[],"_links":{"self":[{"href":"https:\/\/filstory.fr\/index.php\/wp-json\/wp\/v2\/pages\/292","targetHints":{"allow":["GET"]}}],"collection":[{"href":"https:\/\/filstory.fr\/index.php\/wp-json\/wp\/v2\/pages"}],"about":[{"href":"https:\/\/filstory.fr\/index.php\/wp-json\/wp\/v2\/types\/page"}],"author":[{"embeddable":true,"href":"https:\/\/filstory.fr\/index.php\/wp-json\/wp\/v2\/users\/1"}],"replies":[{"embeddable":true,"href":"https:\/\/filstory.fr\/index.php\/wp-json\/wp\/v2\/comments?post=292"}],"version-history":[{"count":4,"href":"https:\/\/filstory.fr\/index.php\/wp-json\/wp\/v2\/pages\/292\/revisions"}],"predecessor-version":[{"id":1007,"href":"https:\/\/filstory.fr\/index.php\/wp-json\/wp\/v2\/pages\/292\/revisions\/1007"}],"wp:attachment":[{"href":"https:\/\/filstory.fr\/index.php\/wp-json\/wp\/v2\/media?parent=292"}],"curies":[{"name":"wp","href":"https:\/\/api.w.org\/{rel}","templated":true}]}}