{"id":287,"date":"2020-11-02T16:17:34","date_gmt":"2020-11-02T15:17:34","guid":{"rendered":"https:\/\/filstory.wordpress.com\/?page_id=287"},"modified":"2022-11-11T23:28:09","modified_gmt":"2022-11-11T23:28:09","slug":"trop-mignon","status":"publish","type":"page","link":"https:\/\/filstory.fr\/index.php\/trop-mignon\/","title":{"rendered":"Trop mignon !"},"content":{"rendered":"\n<p class=\"has-text-align-center has-text-color\" style=\"color:#ed1e79;font-size:22px\">Pour les b\u00e9b\u00e9s, pour jouer ou pour d\u00e9corer, il y en a pour tous les go\u00fbts \ud83d\ude42<\/p>\n\n\n\n<figure class=\"wp-block-image aligncenter size-large is-resized\"><img loading=\"lazy\" decoding=\"async\" src=\"https:\/\/filstory.fr\/wp-content\/uploads\/2022\/11\/20210417_1617254177-988x1024.jpg\" alt=\"\" class=\"wp-image-988\" width=\"494\" height=\"512\" srcset=\"https:\/\/filstory.fr\/wp-content\/uploads\/2022\/11\/20210417_1617254177-988x1024.jpg 988w, https:\/\/filstory.fr\/wp-content\/uploads\/2022\/11\/20210417_1617254177-290x300.jpg 290w, https:\/\/filstory.fr\/wp-content\/uploads\/2022\/11\/20210417_1617254177-768x796.jpg 768w, https:\/\/filstory.fr\/wp-content\/uploads\/2022\/11\/20210417_1617254177-1483x1536.jpg 1483w, https:\/\/filstory.fr\/wp-content\/uploads\/2022\/11\/20210417_1617254177-1977x2048.jpg 1977w\" sizes=\"auto, (max-width: 494px) 100vw, 494px\" \/><\/figure>\n\n\n\n<p class=\"has-text-align-center has-text-color\" style=\"color:#ed1e79;font-size:22px\">D\u00e9couvrons ensemble les derni\u00e8res cr\u00e9ations !<\/p>\n\n\n\n<hr class=\"wp-block-separator has-text-color has-alpha-channel-opacity has-background is-style-wide\" style=\"background-color:#ed1e79;color:#ed1e79\"\/>\n\n\n\n<figure class=\"wp-block-gallery has-nested-images columns-default is-cropped wp-block-gallery-1 is-layout-flex wp-block-gallery-is-layout-flex\">\n<figure class=\"wp-block-image size-large\"><img loading=\"lazy\" decoding=\"async\" width=\"1080\" height=\"1080\" data-id=\"705\" src=\"http:\/\/filstory.fr\/wp-content\/uploads\/2022\/10\/18-1.png\" alt=\"\" class=\"wp-image-705\" srcset=\"https:\/\/filstory.fr\/wp-content\/uploads\/2022\/10\/18-1.png 1080w, https:\/\/filstory.fr\/wp-content\/uploads\/2022\/10\/18-1-300x300.png 300w, https:\/\/filstory.fr\/wp-content\/uploads\/2022\/10\/18-1-1024x1024.png 1024w, https:\/\/filstory.fr\/wp-content\/uploads\/2022\/10\/18-1-150x150.png 150w, https:\/\/filstory.fr\/wp-content\/uploads\/2022\/10\/18-1-768x768.png 768w\" sizes=\"auto, (max-width: 1080px) 100vw, 1080px\" \/><\/figure>\n\n\n\n<figure class=\"wp-block-image size-large\"><img loading=\"lazy\" decoding=\"async\" width=\"940\" height=\"788\" data-id=\"730\" src=\"http:\/\/filstory.fr\/wp-content\/uploads\/2022\/10\/29.png\" alt=\"\" class=\"wp-image-730\" srcset=\"https:\/\/filstory.fr\/wp-content\/uploads\/2022\/10\/29.png 940w, https:\/\/filstory.fr\/wp-content\/uploads\/2022\/10\/29-300x251.png 300w, https:\/\/filstory.fr\/wp-content\/uploads\/2022\/10\/29-768x644.png 768w\" sizes=\"auto, (max-width: 940px) 100vw, 940px\" \/><\/figure>\n\n\n\n<figure class=\"wp-block-image size-large\"><img loading=\"lazy\" decoding=\"async\" width=\"1080\" height=\"1080\" data-id=\"939\" src=\"https:\/\/filstory.fr\/wp-content\/uploads\/2022\/11\/24-1024x1024.png\" alt=\"\" class=\"wp-image-939\" srcset=\"https:\/\/filstory.fr\/wp-content\/uploads\/2022\/11\/24-1024x1024.png 1024w, https:\/\/filstory.fr\/wp-content\/uploads\/2022\/11\/24-300x300.png 300w, https:\/\/filstory.fr\/wp-content\/uploads\/2022\/11\/24-150x150.png 150w, https:\/\/filstory.fr\/wp-content\/uploads\/2022\/11\/24-768x768.png 768w, https:\/\/filstory.fr\/wp-content\/uploads\/2022\/11\/24.png 1080w\" sizes=\"auto, (max-width: 1080px) 100vw, 1080px\" \/><\/figure>\n\n\n\n<figure class=\"wp-block-image size-large\"><img loading=\"lazy\" decoding=\"async\" width=\"940\" height=\"788\" data-id=\"727\" src=\"http:\/\/filstory.fr\/wp-content\/uploads\/2022\/10\/27-1.png\" alt=\"\" class=\"wp-image-727\" srcset=\"https:\/\/filstory.fr\/wp-content\/uploads\/2022\/10\/27-1.png 940w, https:\/\/filstory.fr\/wp-content\/uploads\/2022\/10\/27-1-300x251.png 300w, https:\/\/filstory.fr\/wp-content\/uploads\/2022\/10\/27-1-768x644.png 768w\" sizes=\"auto, (max-width: 940px) 100vw, 940px\" \/><\/figure>\n\n\n\n<figure class=\"wp-block-image size-large\"><img loading=\"lazy\" decoding=\"async\" width=\"940\" height=\"788\" data-id=\"767\" src=\"http:\/\/filstory.fr\/wp-content\/uploads\/2022\/10\/47.png\" alt=\"\" class=\"wp-image-767\" srcset=\"https:\/\/filstory.fr\/wp-content\/uploads\/2022\/10\/47.png 940w, https:\/\/filstory.fr\/wp-content\/uploads\/2022\/10\/47-300x251.png 300w, https:\/\/filstory.fr\/wp-content\/uploads\/2022\/10\/47-768x644.png 768w\" sizes=\"auto, (max-width: 940px) 100vw, 940px\" \/><\/figure>\n\n\n\n<figure class=\"wp-block-image size-large\"><img loading=\"lazy\" decoding=\"async\" width=\"940\" height=\"788\" data-id=\"773\" src=\"http:\/\/filstory.fr\/wp-content\/uploads\/2022\/10\/51.png\" alt=\"\" class=\"wp-image-773\" srcset=\"https:\/\/filstory.fr\/wp-content\/uploads\/2022\/10\/51.png 940w, https:\/\/filstory.fr\/wp-content\/uploads\/2022\/10\/51-300x251.png 300w, https:\/\/filstory.fr\/wp-content\/uploads\/2022\/10\/51-768x644.png 768w\" sizes=\"auto, (max-width: 940px) 100vw, 940px\" \/><\/figure>\n\n\n\n<figure class=\"wp-block-image size-large\"><img loading=\"lazy\" decoding=\"async\" width=\"1024\" height=\"1024\" data-id=\"940\" src=\"https:\/\/filstory.fr\/wp-content\/uploads\/2022\/11\/20220122_205838-1024x1024.jpg\" alt=\"\" class=\"wp-image-940\" srcset=\"https:\/\/filstory.fr\/wp-content\/uploads\/2022\/11\/20220122_205838-1024x1024.jpg 1024w, https:\/\/filstory.fr\/wp-content\/uploads\/2022\/11\/20220122_205838-300x300.jpg 300w, https:\/\/filstory.fr\/wp-content\/uploads\/2022\/11\/20220122_205838-150x150.jpg 150w, https:\/\/filstory.fr\/wp-content\/uploads\/2022\/11\/20220122_205838-768x768.jpg 768w, https:\/\/filstory.fr\/wp-content\/uploads\/2022\/11\/20220122_205838-1536x1536.jpg 1536w, https:\/\/filstory.fr\/wp-content\/uploads\/2022\/11\/20220122_205838-2048x2048.jpg 2048w\" sizes=\"auto, (max-width: 1024px) 100vw, 1024px\" \/><\/figure>\n\n\n\n<figure class=\"wp-block-image size-large\"><img loading=\"lazy\" decoding=\"async\" width=\"1024\" height=\"1024\" data-id=\"941\" src=\"https:\/\/filstory.fr\/wp-content\/uploads\/2022\/11\/20220122_205939-1024x1024.jpg\" alt=\"\" class=\"wp-image-941\" srcset=\"https:\/\/filstory.fr\/wp-content\/uploads\/2022\/11\/20220122_205939-1024x1024.jpg 1024w, https:\/\/filstory.fr\/wp-content\/uploads\/2022\/11\/20220122_205939-300x300.jpg 300w, https:\/\/filstory.fr\/wp-content\/uploads\/2022\/11\/20220122_205939-150x150.jpg 150w, https:\/\/filstory.fr\/wp-content\/uploads\/2022\/11\/20220122_205939-768x768.jpg 768w, https:\/\/filstory.fr\/wp-content\/uploads\/2022\/11\/20220122_205939-1536x1536.jpg 1536w, https:\/\/filstory.fr\/wp-content\/uploads\/2022\/11\/20220122_205939-2048x2048.jpg 2048w\" sizes=\"auto, (max-width: 1024px) 100vw, 1024px\" \/><\/figure>\n\n\n\n<figure class=\"wp-block-image size-large\"><img loading=\"lazy\" decoding=\"async\" width=\"1024\" height=\"1024\" data-id=\"942\" src=\"https:\/\/filstory.fr\/wp-content\/uploads\/2022\/11\/20220507_180815-1024x1024.jpg\" alt=\"\" class=\"wp-image-942\" srcset=\"https:\/\/filstory.fr\/wp-content\/uploads\/2022\/11\/20220507_180815-1024x1024.jpg 1024w, https:\/\/filstory.fr\/wp-content\/uploads\/2022\/11\/20220507_180815-300x300.jpg 300w, https:\/\/filstory.fr\/wp-content\/uploads\/2022\/11\/20220507_180815-150x150.jpg 150w, https:\/\/filstory.fr\/wp-content\/uploads\/2022\/11\/20220507_180815-768x768.jpg 768w, https:\/\/filstory.fr\/wp-content\/uploads\/2022\/11\/20220507_180815-1536x1536.jpg 1536w, https:\/\/filstory.fr\/wp-content\/uploads\/2022\/11\/20220507_180815-2048x2048.jpg 2048w\" sizes=\"auto, (max-width: 1024px) 100vw, 1024px\" \/><\/figure>\n\n\n\n<figure class=\"wp-block-image size-large\"><img loading=\"lazy\" decoding=\"async\" width=\"1024\" height=\"1024\" data-id=\"943\" src=\"https:\/\/filstory.fr\/wp-content\/uploads\/2022\/11\/lapin-hochet-1024x1024.png\" alt=\"\" class=\"wp-image-943\" srcset=\"https:\/\/filstory.fr\/wp-content\/uploads\/2022\/11\/lapin-hochet-1024x1024.png 1024w, https:\/\/filstory.fr\/wp-content\/uploads\/2022\/11\/lapin-hochet-300x300.png 300w, https:\/\/filstory.fr\/wp-content\/uploads\/2022\/11\/lapin-hochet-150x150.png 150w, https:\/\/filstory.fr\/wp-content\/uploads\/2022\/11\/lapin-hochet-768x768.png 768w, https:\/\/filstory.fr\/wp-content\/uploads\/2022\/11\/lapin-hochet.png 1080w\" sizes=\"auto, (max-width: 1024px) 100vw, 1024px\" \/><\/figure>\n\n\n\n<figure class=\"wp-block-image size-large\"><img loading=\"lazy\" decoding=\"async\" width=\"1024\" height=\"1024\" data-id=\"976\" src=\"https:\/\/filstory.fr\/wp-content\/uploads\/2022\/11\/29-1024x1024.png\" alt=\"\" class=\"wp-image-976\" srcset=\"https:\/\/filstory.fr\/wp-content\/uploads\/2022\/11\/29-1024x1024.png 1024w, https:\/\/filstory.fr\/wp-content\/uploads\/2022\/11\/29-300x300.png 300w, https:\/\/filstory.fr\/wp-content\/uploads\/2022\/11\/29-150x150.png 150w, https:\/\/filstory.fr\/wp-content\/uploads\/2022\/11\/29-768x768.png 768w, https:\/\/filstory.fr\/wp-content\/uploads\/2022\/11\/29.png 1080w\" sizes=\"auto, (max-width: 1024px) 100vw, 1024px\" \/><\/figure>\n\n\n\n<figure class=\"wp-block-image size-large\"><img loading=\"lazy\" decoding=\"async\" width=\"1024\" height=\"1024\" data-id=\"977\" src=\"https:\/\/filstory.fr\/wp-content\/uploads\/2022\/11\/Ap2-2-1024x1024.png\" alt=\"\" class=\"wp-image-977\" srcset=\"https:\/\/filstory.fr\/wp-content\/uploads\/2022\/11\/Ap2-2-1024x1024.png 1024w, https:\/\/filstory.fr\/wp-content\/uploads\/2022\/11\/Ap2-2-300x300.png 300w, https:\/\/filstory.fr\/wp-content\/uploads\/2022\/11\/Ap2-2-150x150.png 150w, https:\/\/filstory.fr\/wp-content\/uploads\/2022\/11\/Ap2-2-768x768.png 768w, https:\/\/filstory.fr\/wp-content\/uploads\/2022\/11\/Ap2-2.png 1080w\" sizes=\"auto, (max-width: 1024px) 100vw, 1024px\" \/><\/figure>\n\n\n\n<figure class=\"wp-block-image size-large\"><img loading=\"lazy\" decoding=\"async\" width=\"1024\" height=\"1024\" data-id=\"978\" src=\"https:\/\/filstory.fr\/wp-content\/uploads\/2022\/11\/Apo3-1024x1024.png\" alt=\"\" class=\"wp-image-978\" srcset=\"https:\/\/filstory.fr\/wp-content\/uploads\/2022\/11\/Apo3-1024x1024.png 1024w, https:\/\/filstory.fr\/wp-content\/uploads\/2022\/11\/Apo3-300x300.png 300w, https:\/\/filstory.fr\/wp-content\/uploads\/2022\/11\/Apo3-150x150.png 150w, https:\/\/filstory.fr\/wp-content\/uploads\/2022\/11\/Apo3-768x768.png 768w, https:\/\/filstory.fr\/wp-content\/uploads\/2022\/11\/Apo3.png 1080w\" sizes=\"auto, (max-width: 1024px) 100vw, 1024px\" \/><\/figure>\n\n\n\n<figure class=\"wp-block-image size-large\"><img loading=\"lazy\" decoding=\"async\" width=\"1024\" height=\"1024\" data-id=\"999\" src=\"https:\/\/filstory.fr\/wp-content\/uploads\/2022\/11\/20220122_2100210-1024x1024.jpg\" alt=\"\" class=\"wp-image-999\" srcset=\"https:\/\/filstory.fr\/wp-content\/uploads\/2022\/11\/20220122_2100210-1024x1024.jpg 1024w, https:\/\/filstory.fr\/wp-content\/uploads\/2022\/11\/20220122_2100210-300x300.jpg 300w, https:\/\/filstory.fr\/wp-content\/uploads\/2022\/11\/20220122_2100210-150x150.jpg 150w, https:\/\/filstory.fr\/wp-content\/uploads\/2022\/11\/20220122_2100210-768x768.jpg 768w, https:\/\/filstory.fr\/wp-content\/uploads\/2022\/11\/20220122_2100210-1536x1536.jpg 1536w, https:\/\/filstory.fr\/wp-content\/uploads\/2022\/11\/20220122_2100210-2048x2048.jpg 2048w\" sizes=\"auto, (max-width: 1024px) 100vw, 1024px\" \/><\/figure>\n\n\n\n<figure class=\"wp-block-image size-large\"><img loading=\"lazy\" decoding=\"async\" width=\"1024\" height=\"1024\" data-id=\"1000\" src=\"https:\/\/filstory.fr\/wp-content\/uploads\/2022\/11\/20220416_155709-1024x1024.jpg\" alt=\"\" class=\"wp-image-1000\" srcset=\"https:\/\/filstory.fr\/wp-content\/uploads\/2022\/11\/20220416_155709-1024x1024.jpg 1024w, https:\/\/filstory.fr\/wp-content\/uploads\/2022\/11\/20220416_155709-300x300.jpg 300w, https:\/\/filstory.fr\/wp-content\/uploads\/2022\/11\/20220416_155709-150x150.jpg 150w, https:\/\/filstory.fr\/wp-content\/uploads\/2022\/11\/20220416_155709-768x768.jpg 768w, https:\/\/filstory.fr\/wp-content\/uploads\/2022\/11\/20220416_155709-1536x1536.jpg 1536w, https:\/\/filstory.fr\/wp-content\/uploads\/2022\/11\/20220416_155709-2048x2048.jpg 2048w\" sizes=\"auto, (max-width: 1024px) 100vw, 1024px\" \/><\/figure>\n\n\n\n<figure class=\"wp-block-image size-large\"><img loading=\"lazy\" decoding=\"async\" width=\"1024\" height=\"1024\" data-id=\"1001\" src=\"https:\/\/filstory.fr\/wp-content\/uploads\/2022\/11\/20220508_092435-1024x1024.jpg\" alt=\"\" class=\"wp-image-1001\" srcset=\"https:\/\/filstory.fr\/wp-content\/uploads\/2022\/11\/20220508_092435-1024x1024.jpg 1024w, https:\/\/filstory.fr\/wp-content\/uploads\/2022\/11\/20220508_092435-300x300.jpg 300w, https:\/\/filstory.fr\/wp-content\/uploads\/2022\/11\/20220508_092435-150x150.jpg 150w, https:\/\/filstory.fr\/wp-content\/uploads\/2022\/11\/20220508_092435-768x768.jpg 768w, https:\/\/filstory.fr\/wp-content\/uploads\/2022\/11\/20220508_092435-1536x1536.jpg 1536w, https:\/\/filstory.fr\/wp-content\/uploads\/2022\/11\/20220508_092435-2048x2048.jpg 2048w\" sizes=\"auto, (max-width: 1024px) 100vw, 1024px\" \/><\/figure>\n\n\n\n<figure class=\"wp-block-image size-large\"><img loading=\"lazy\" decoding=\"async\" width=\"1024\" height=\"1024\" data-id=\"1002\" src=\"https:\/\/filstory.fr\/wp-content\/uploads\/2022\/11\/IMG_3638-1024x1024.jpg\" alt=\"\" class=\"wp-image-1002\" srcset=\"https:\/\/filstory.fr\/wp-content\/uploads\/2022\/11\/IMG_3638-1024x1024.jpg 1024w, https:\/\/filstory.fr\/wp-content\/uploads\/2022\/11\/IMG_3638-300x300.jpg 300w, https:\/\/filstory.fr\/wp-content\/uploads\/2022\/11\/IMG_3638-150x150.jpg 150w, https:\/\/filstory.fr\/wp-content\/uploads\/2022\/11\/IMG_3638-768x768.jpg 768w, https:\/\/filstory.fr\/wp-content\/uploads\/2022\/11\/IMG_3638-1536x1536.jpg 1536w, https:\/\/filstory.fr\/wp-content\/uploads\/2022\/11\/IMG_3638-2048x2048.jpg 2048w\" sizes=\"auto, (max-width: 1024px) 100vw, 1024px\" \/><\/figure>\n\n\n\n<figure class=\"wp-block-image size-large\"><img loading=\"lazy\" decoding=\"async\" width=\"1024\" height=\"1024\" data-id=\"1003\" src=\"https:\/\/filstory.fr\/wp-content\/uploads\/2022\/11\/IMG_3650-1-1024x1024.jpg\" alt=\"\" class=\"wp-image-1003\" srcset=\"https:\/\/filstory.fr\/wp-content\/uploads\/2022\/11\/IMG_3650-1-1024x1024.jpg 1024w, https:\/\/filstory.fr\/wp-content\/uploads\/2022\/11\/IMG_3650-1-300x300.jpg 300w, https:\/\/filstory.fr\/wp-content\/uploads\/2022\/11\/IMG_3650-1-150x150.jpg 150w, https:\/\/filstory.fr\/wp-content\/uploads\/2022\/11\/IMG_3650-1-768x768.jpg 768w, https:\/\/filstory.fr\/wp-content\/uploads\/2022\/11\/IMG_3650-1-1536x1536.jpg 1536w, https:\/\/filstory.fr\/wp-content\/uploads\/2022\/11\/IMG_3650-1-2048x2048.jpg 2048w\" sizes=\"auto, (max-width: 1024px) 100vw, 1024px\" \/><\/figure>\n\n\n\n<figure class=\"wp-block-image size-large\"><img loading=\"lazy\" decoding=\"async\" width=\"1024\" height=\"1024\" data-id=\"944\" src=\"https:\/\/filstory.fr\/wp-content\/uploads\/2022\/11\/tortues-1-1024x1024.png\" alt=\"\" class=\"wp-image-944\" srcset=\"https:\/\/filstory.fr\/wp-content\/uploads\/2022\/11\/tortues-1-1024x1024.png 1024w, https:\/\/filstory.fr\/wp-content\/uploads\/2022\/11\/tortues-1-300x300.png 300w, https:\/\/filstory.fr\/wp-content\/uploads\/2022\/11\/tortues-1-150x150.png 150w, https:\/\/filstory.fr\/wp-content\/uploads\/2022\/11\/tortues-1-768x768.png 768w, https:\/\/filstory.fr\/wp-content\/uploads\/2022\/11\/tortues-1.png 1080w\" sizes=\"auto, (max-width: 1024px) 100vw, 1024px\" \/><\/figure>\n<\/figure>\n\n\n\n<hr class=\"wp-block-separator has-css-opacity is-style-wide\"\/>\n\n\n\n<div style=\"height:32px\" aria-hidden=\"true\" class=\"wp-block-spacer desktop-only\"><\/div>\n\n\n\n<h2 class=\"has-text-align-center wp-block-heading\">Cr\u00e9ons quelque-chose ensemble.<\/h2>\n\n\n\n<div class=\"wp-block-button aligncenter\"><a class=\"wp-block-button__link has-text-color has-background\" href=\"https:\/\/filstory.fr\/contact\/\" style=\"background-color:#ed1e79;color:#ffcfe6\">Contactez-moi !<\/a><\/div>\n\n\n\n<div style=\"height:32px\" aria-hidden=\"true\" class=\"wp-block-spacer desktop-only\"><\/div>\n\n\n\n<hr class=\"wp-block-separator has-css-opacity is-style-wide\"\/>\n\n\n\n<p><\/p>\n","protected":false},"excerpt":{"rendered":"<p>Pour les b\u00e9b\u00e9s, pour jouer ou pour d\u00e9corer, il y en a pour tous les go\u00fbts \ud83d\ude42 D\u00e9couvrons ensemble les derni\u00e8res cr\u00e9ations ! Cr\u00e9ons quelque-chose ensemble.<\/p>\n","protected":false},"author":1,"featured_media":0,"parent":0,"menu_order":0,"comment_status":"closed","ping_status":"closed","template":"","meta":{"om_disable_all_campaigns":false,"_monsterinsights_skip_tracking":false,"_monsterinsights_sitenote_active":false,"_monsterinsights_sitenote_note":"","_monsterinsights_sitenote_category":0,"footnotes":""},"class_list":["post-287","page","type-page","status-publish","hentry"],"aioseo_notices":[],"_links":{"self":[{"href":"https:\/\/filstory.fr\/index.php\/wp-json\/wp\/v2\/pages\/287","targetHints":{"allow":["GET"]}}],"collection":[{"href":"https:\/\/filstory.fr\/index.php\/wp-json\/wp\/v2\/pages"}],"about":[{"href":"https:\/\/filstory.fr\/index.php\/wp-json\/wp\/v2\/types\/page"}],"author":[{"embeddable":true,"href":"https:\/\/filstory.fr\/index.php\/wp-json\/wp\/v2\/users\/1"}],"replies":[{"embeddable":true,"href":"https:\/\/filstory.fr\/index.php\/wp-json\/wp\/v2\/comments?post=287"}],"version-history":[{"count":7,"href":"https:\/\/filstory.fr\/index.php\/wp-json\/wp\/v2\/pages\/287\/revisions"}],"predecessor-version":[{"id":1018,"href":"https:\/\/filstory.fr\/index.php\/wp-json\/wp\/v2\/pages\/287\/revisions\/1018"}],"wp:attachment":[{"href":"https:\/\/filstory.fr\/index.php\/wp-json\/wp\/v2\/media?parent=287"}],"curies":[{"name":"wp","href":"https:\/\/api.w.org\/{rel}","templated":true}]}}