{"id":128,"date":"2020-11-02T10:42:01","date_gmt":"2020-11-02T09:42:01","guid":{"rendered":"https:\/\/filstory.wordpress.com\/?page_id=128"},"modified":"2022-11-11T23:22:15","modified_gmt":"2022-11-11T23:22:15","slug":"mes-projets","status":"publish","type":"page","link":"https:\/\/filstory.fr\/index.php\/mes-projets\/","title":{"rendered":"Mes projets !"},"content":{"rendered":"\n<p class=\"has-text-align-center has-text-color\" style=\"color:#ff66c4;font-size:22px\">Il y a tant de choses \u00e0 cr\u00e9er, tant de sujets auxquels donner vie, tant d&rsquo;id\u00e9es de cr\u00e9ation, qu&rsquo;il est dur de ne pas se perdre ! Alors pour aider, voici mes plus grands projets \u00e0 travers des th\u00e9matiques qui me tiennent \u00e0 c\u0153ur ! <\/p>\n\n\n\n<p class=\"has-text-align-center has-text-color\" style=\"color:#ff66c4;font-size:22px\">Restons ensemble, d&rsquo;autres sont \u00e0 venir ! <\/p>\n\n\n\n<div style=\"height:33px\" aria-hidden=\"true\" class=\"wp-block-spacer desktop-only\"><\/div>\n\n\n\n<div class=\"wp-block-columns alignwide has-3-columns is-layout-flex wp-container-core-columns-is-layout-28f84493 wp-block-columns-is-layout-flex\">\n<div class=\"wp-block-column is-layout-flow wp-block-column-is-layout-flow\">\n<h2 class=\"has-text-align-center has-text-color wp-block-heading\" style=\"color:#ed1e79\">No\u00ebl<\/h2>\n\n\n\n<figure class=\"wp-block-image aligncenter size-large is-resized is-style-rounded\"><img loading=\"lazy\" decoding=\"async\" src=\"http:\/\/filstory.fr\/wp-content\/uploads\/2022\/11\/Insta-a-publier-1024x1024.png\" alt=\"\" class=\"wp-image-935\" width=\"150\" height=\"150\" srcset=\"https:\/\/filstory.fr\/wp-content\/uploads\/2022\/11\/Insta-a-publier-1024x1024.png 1024w, https:\/\/filstory.fr\/wp-content\/uploads\/2022\/11\/Insta-a-publier-300x300.png 300w, https:\/\/filstory.fr\/wp-content\/uploads\/2022\/11\/Insta-a-publier-150x150.png 150w, https:\/\/filstory.fr\/wp-content\/uploads\/2022\/11\/Insta-a-publier-768x768.png 768w, https:\/\/filstory.fr\/wp-content\/uploads\/2022\/11\/Insta-a-publier.png 1080w\" sizes=\"auto, (max-width: 150px) 100vw, 150px\" \/><\/figure>\n\n\n\n<div class=\"wp-block-buttons is-content-justification-center is-layout-flex wp-container-core-buttons-is-layout-a89b3969 wp-block-buttons-is-layout-flex\">\n<div class=\"wp-block-button has-custom-width wp-block-button__width-75 is-style-outline is-style-outline--1\"><a class=\"wp-block-button__link has-text-color\" href=\"https:\/\/filstory.fr\/index.php\/portefeuille\/\" style=\"color:#ed1e79\">Christmas !<\/a><\/div>\n<\/div>\n\n\n\n<p class=\"has-text-align-center has-text-color\" style=\"color:#ed1e79;font-size:20px\">Les lumi\u00e8res, les cadeaux, la magie, No\u00ebl est l\u00e0 !<\/p>\n<\/div>\n\n\n\n<div class=\"wp-block-column is-layout-flow wp-block-column-is-layout-flow\">\n<h2 class=\"has-text-align-center has-text-color wp-block-heading\" style=\"color:#dd66c4\">Jeux Vid\u00e9o<\/h2>\n\n\n\n<figure class=\"wp-block-image aligncenter size-full is-resized is-style-rounded\"><img loading=\"lazy\" decoding=\"async\" src=\"http:\/\/filstory.fr\/wp-content\/uploads\/2022\/11\/Resized_20200513_100306.jpg\" alt=\"\" class=\"wp-image-997\" width=\"150\" height=\"150\"\/><\/figure>\n\n\n\n<div class=\"wp-block-buttons is-content-justification-center is-layout-flex wp-container-core-buttons-is-layout-a89b3969 wp-block-buttons-is-layout-flex\">\n<div class=\"wp-block-button is-style-outline is-style-outline--2\"><a class=\"wp-block-button__link has-text-color\" href=\"https:\/\/filstory.fr\/index.php\/entrez-dans-le-jeu\/\" style=\"color:#dd66c4\">Here we go !<\/a><\/div>\n<\/div>\n\n\n\n<p class=\"has-text-align-center has-text-color\" style=\"color:#dd66c4;font-size:20px\">La passion du jeu vid\u00e9o nous anime tous, que l&rsquo;on soit retro ou new-gen !<\/p>\n<\/div>\n\n\n\n<div class=\"wp-block-column is-layout-flow wp-block-column-is-layout-flow\">\n<h2 class=\"has-text-align-center has-text-color wp-block-heading\" style=\"color:#ed1e79\">Naissance<\/h2>\n\n\n\n<figure class=\"wp-block-image aligncenter size-large is-resized is-style-rounded\"><img loading=\"lazy\" decoding=\"async\" src=\"http:\/\/filstory.fr\/wp-content\/uploads\/2022\/11\/20210417_1617254177-988x1024.jpg\" alt=\"\" class=\"wp-image-988\" width=\"150\" height=\"150\"\/><\/figure>\n\n\n\n<div class=\"wp-block-buttons is-content-justification-center is-layout-flex wp-container-core-buttons-is-layout-a89b3969 wp-block-buttons-is-layout-flex\">\n<div class=\"wp-block-button is-style-outline is-style-outline--3\"><a class=\"wp-block-button__link has-text-color\" href=\"https:\/\/filstory.fr\/index.php\/trop-mignon\/\" style=\"color:#ed1e79\">Let&rsquo;s see !<\/a><\/div>\n<\/div>\n\n\n\n<p class=\"has-text-align-center has-text-color\" style=\"color:#ed1e79;font-size:20px\">Des cadeaux de naissance en coton aux d\u00e9corations et peluches, il y en a pour tous les styles !<\/p>\n<\/div>\n\n\n\n<div class=\"wp-block-column is-layout-flow wp-block-column-is-layout-flow\">\n<h2 class=\"has-text-align-center has-text-color wp-block-heading\" style=\"color:#dd66c4\">Lumis <\/h2>\n\n\n\n<figure class=\"wp-block-image aligncenter size-large is-resized is-style-rounded\"><img loading=\"lazy\" decoding=\"async\" src=\"https:\/\/filstory.fr\/wp-content\/uploads\/2022\/11\/20220507_183223-1024x1024.jpg\" alt=\"\" class=\"wp-image-970\" width=\"150\" height=\"150\" srcset=\"https:\/\/filstory.fr\/wp-content\/uploads\/2022\/11\/20220507_183223-1024x1024.jpg 1024w, https:\/\/filstory.fr\/wp-content\/uploads\/2022\/11\/20220507_183223-300x300.jpg 300w, https:\/\/filstory.fr\/wp-content\/uploads\/2022\/11\/20220507_183223-150x150.jpg 150w, https:\/\/filstory.fr\/wp-content\/uploads\/2022\/11\/20220507_183223-768x768.jpg 768w, https:\/\/filstory.fr\/wp-content\/uploads\/2022\/11\/20220507_183223-1536x1536.jpg 1536w, https:\/\/filstory.fr\/wp-content\/uploads\/2022\/11\/20220507_183223-2048x2048.jpg 2048w\" sizes=\"auto, (max-width: 150px) 100vw, 150px\" \/><\/figure>\n\n\n\n<div class=\"wp-block-buttons is-content-justification-center is-layout-flex wp-container-core-buttons-is-layout-a89b3969 wp-block-buttons-is-layout-flex\">\n<div class=\"wp-block-button is-style-outline is-style-outline--4\"><a class=\"wp-block-button__link has-text-color\" href=\"https:\/\/filstory.fr\/index.php\/creations-couture\/\" style=\"color:#dd66c4\">C&rsquo;est par ici !<\/a><\/div>\n<\/div>\n\n\n\n<p class=\"has-text-align-center has-text-color\" style=\"color:#dd66c4;font-size:20px\">Une cat\u00e9gorie rien que pour les Lumis (merci Valerie Filuncrochet!)<\/p>\n<\/div>\n<\/div>\n\n\n\n<hr class=\"wp-block-separator has-css-opacity is-style-wide\"\/>\n\n\n\n<div style=\"height:32px\" aria-hidden=\"true\" class=\"wp-block-spacer desktop-only\"><\/div>\n\n\n\n<h2 class=\"has-text-align-center wp-block-heading\">Cr\u00e9ons quelque chose ensemble.<\/h2>\n\n\n\n<div class=\"wp-block-button aligncenter\"><a class=\"wp-block-button__link has-text-color has-background\" href=\"https:\/\/filstory.fr\/contact\/\" style=\"background-color:#ed1e79;color:#ffcfe6\">Contactez moi&nbsp;!<\/a><\/div>\n\n\n\n<div style=\"height:32px\" aria-hidden=\"true\" class=\"wp-block-spacer desktop-only\"><\/div>\n\n\n\n<hr class=\"wp-block-separator has-css-opacity is-style-wide\"\/>\n","protected":false},"excerpt":{"rendered":"<p>Il y a tant de choses \u00e0 cr\u00e9er, tant de sujets auxquels donner vie, tant d&rsquo;id\u00e9es de cr\u00e9ation, qu&rsquo;il est dur de ne pas se perdre ! Alors pour aider, voici mes plus grands projets \u00e0 travers des th\u00e9matiques qui me tiennent \u00e0 c\u0153ur ! Restons ensemble, d&rsquo;autres sont \u00e0 venir ! No\u00ebl Les lumi\u00e8res, [&hellip;]<\/p>\n","protected":false},"author":1,"featured_media":0,"parent":0,"menu_order":0,"comment_status":"closed","ping_status":"closed","template":"","meta":{"om_disable_all_campaigns":false,"_monsterinsights_skip_tracking":false,"_monsterinsights_sitenote_active":false,"_monsterinsights_sitenote_note":"","_monsterinsights_sitenote_category":0,"footnotes":""},"class_list":["post-128","page","type-page","status-publish","hentry"],"aioseo_notices":[],"_links":{"self":[{"href":"https:\/\/filstory.fr\/index.php\/wp-json\/wp\/v2\/pages\/128","targetHints":{"allow":["GET"]}}],"collection":[{"href":"https:\/\/filstory.fr\/index.php\/wp-json\/wp\/v2\/pages"}],"about":[{"href":"https:\/\/filstory.fr\/index.php\/wp-json\/wp\/v2\/types\/page"}],"author":[{"embeddable":true,"href":"https:\/\/filstory.fr\/index.php\/wp-json\/wp\/v2\/users\/1"}],"replies":[{"embeddable":true,"href":"https:\/\/filstory.fr\/index.php\/wp-json\/wp\/v2\/comments?post=128"}],"version-history":[{"count":16,"href":"https:\/\/filstory.fr\/index.php\/wp-json\/wp\/v2\/pages\/128\/revisions"}],"predecessor-version":[{"id":1015,"href":"https:\/\/filstory.fr\/index.php\/wp-json\/wp\/v2\/pages\/128\/revisions\/1015"}],"wp:attachment":[{"href":"https:\/\/filstory.fr\/index.php\/wp-json\/wp\/v2\/media?parent=128"}],"curies":[{"name":"wp","href":"https:\/\/api.w.org\/{rel}","templated":true}]}}